{"id":11502,"date":"2019-03-21T15:20:48","date_gmt":"2019-03-21T20:20:48","guid":{"rendered":"https:\/\/soportehys.com\/web\/?page_id=11502"},"modified":"2022-09-16T16:36:18","modified_gmt":"2022-09-16T21:36:18","slug":"nuestro-colegio","status":"publish","type":"page","link":"https:\/\/colonce.edu.co\/web\/nuestro-colegio\/","title":{"rendered":"Nuestro Colegio"},"content":{"rendered":"<div class=\"wpb-content-wrapper\"><p>[vc_row][vc_column]<div class=\"thim-widget-heading template-base\"><div class=\"sc_heading  text-center\"><h3 style=\"font-size:35px;font-weight:600;\" class=\"title\">Informaci\u00f3n <strong>Institucional<\/strong><\/h3><\/div><\/div>[\/vc_column][\/vc_row][vc_row css=\u00bb.vc_custom_1559531433775{margin-bottom: 15px !important;}\u00bb][vc_column width=\u00bb5\/12&#8243; css=\u00bb.vc_custom_1553219212365{margin-bottom: 30px !important;}\u00bb][vc_column_text]<\/p>\n<h3 class=\"thim-text-title\">Misi\u00f3n<\/h3>\n<p>La Instituci\u00f3n Educativa Colegio Once de Noviembre ofrecer\u00e1 y garantizar\u00e1 a la comunidad patiense la prestaci\u00f3n del servicio educativo en los niveles de preescolar, b\u00e1sica primaria, b\u00e1sica secundaria y media t\u00e9cnica. Esta \u00faltima se desarrollara mediante convenios interinstitucionales con el servicio nacional de aprendizaje (SENA) en las modalidades de: agroindustria alimentaria, dise\u00f1o e integraci\u00f3n de multimedia, contabilidad, contabilizaci\u00f3n de operaciones comerciales y financieras, A CRECER y SER HUMANO.<\/p>\n<p>La instituci\u00f3n educativa fortalecer\u00e1 el talento humano a trav\u00e9s de una formaci\u00f3n por competencias enfocada en la socioformaci\u00f3n y fomentar\u00e1 una cultura ciudadana de ciencia, tecnolog\u00eda e innovaci\u00f3n en los ni\u00f1os (as) y j\u00f3venes del municipio de Los Patios a trav\u00e9s de la investigaci\u00f3n como estrategia pedag\u00f3gica (IEP) apoyada en el uso de las tecnolog\u00edas de la informaci\u00f3n y comunicaci\u00f3n, que les permita desarrollar habilidades y capacidades de indagaci\u00f3n, innovaci\u00f3n y emprendimiento, para la comprensi\u00f3n y soluci\u00f3n de problem\u00e1ticas de su entorno, proyect\u00e1ndolos hacia condiciones estables de calidad de vida. A la vez, la Instituci\u00f3n Educativa tendr\u00e1 en cuenta la formaci\u00f3n de adultos mediante Ciclos Lectivos Especiales (CLEI) y los grupos de Necesidades Educativas Especiales, garantiz\u00e1ndoles a estos \u00faltimos la inclusi\u00f3n escolar.[\/vc_column_text][\/vc_column][vc_column width=\u00bb7\/12&#8243; css=\u00bb.vc_custom_1553219224890{margin-bottom: 30px !important;}\u00bb][vc_column_text]<\/p>\n<h3 class=\"thim-text-title\">Visi\u00f3n<\/h3>\n<div data-canvas-width=\"353.93794974720015\">La Instituci\u00f3n Educativa Colegio Once de Noviembre se caracterizar\u00e1 por ser un establecimiento que garantizar\u00e1 el respeto y atenci\u00f3n por la multiculturalidad de la poblaci\u00f3n del municipio de Los Patios y del \u00e1rea metropolitana, ofreciendo una educaci\u00f3n humana, de calidad, eficiencia en articulaci\u00f3n con el SENA; formando ni\u00f1os, ni\u00f1as, j\u00f3venes, adultos y poblaci\u00f3n vulnerable, con capacidades f\u00edsicas, formaci\u00f3n \u00e9tica, moral e intelectual, que desarrollen sus potencialidades y se desempe\u00f1en exitosamente en el conocimiento de la ciencia, la investigaci\u00f3n y la tecnolog\u00eda, para mejorar su entorno, el de los dem\u00e1s y as\u00ed construir su proyecto de vida.<\/div>\n<p>[\/vc_column_text][\/vc_column][\/vc_row][vc_row][vc_column][vc_tta_tabs][vc_tta_section title=\u00bbOBJETIVOS Y VALORES\u00bb tab_id=\u00bb1553201553639-a4a157b2-0618&#8243;][vc_column_text]<\/p>\n<h3 class=\"thim-text-title\">Valores Institucionales<\/h3>\n<p><strong>El Respeto:<\/strong><\/p>\n<p>Este principio se entiende como la consideraci\u00f3n que se tienen hacia alguien o hacia algo, al que se le reconoce su valor social o especial deferencia. El respeto se fundamenta en la relaci\u00f3n de reciprocidad, en lo que se refiere al respeto de las personas hacia objetos, costumbres e instituciones sociales. El respeto en las relaciones interpersonales comienza en el individuo, en el reconocimiento del mismo como entidad \u00fanica, que necesita y quiere comprender al otro. As\u00ed, este valor es siempre un marco de referencia de una comunidad educativa capaz de dar y recibir trato excelente en el marco de las relaciones interpersonales, reconocer y apreciar las instancias superiores de la instituci\u00f3n o de la sociedad.<\/p>\n<p><strong>La Responsabilidad: <\/strong><\/p>\n<p>Se refiere a la capacidad que debe desarrollar un individuo activo de derecho para reconocer y aceptar las consecuencias de un hecho realizado libremente. La responsabilidad es un valor que le permite a la persona reflexionar, administrar, orientar y valorar las consecuencias de sus actos, siempre en el plano de lo moral. As\u00ed, se propende por formar estudiantes que tengan la capacidad no s\u00f3lo de tomar decisiones de manera consciente, sino tambi\u00e9n de asumir las consecuencias de sus actos y de responder ante quien corresponda en cada momento.<\/p>\n<p><strong>La Trascendencia: <\/strong><\/p>\n<p>Se refiere al ir m\u00e1s all\u00e1 y al escalar, es decir, significa pasar de un \u00e1mbito a otro, atravesando el l\u00edmite que los separa. Desde un punto de vista filos\u00f3fico, el concepto de trascendencia incluye adem\u00e1s la idea de superaci\u00f3n o superioridad. Trascender significa la acci\u00f3n de sobresalir, de pasar de dentro a fuera.<\/p>\n<p><strong>La Honestidad: <\/strong><\/p>\n<p>Es el valor de decir la verdad, ser decente, recatado, razonable, justo y honrado. Es una cualidad humana que consiste en actuar de acuerdo como se piensa y se siente. Se refiere a la cualidad con la cual se designa a aquella persona que se muestra, tanto en su obrar como en su manera de pensar, como justa, recta e \u00edntegra. La honestidad puede entenderse como el simple respeto a la verdad en relaci\u00f3n con el mundo exterior, los hechos y las personas; en otros sentidos la honestidad tambi\u00e9n implica la relaci\u00f3n entre el sujeto y los dem\u00e1s, y del sujeto consigo mismo.<\/p>\n<p><strong>Competitividad:<\/strong><\/p>\n<p>En raz\u00f3n a que la sociedad actual es altamente competitiva, el joven debe ser preparado desde las diferentes instancias para mejorar sus resultados frente al estudio y el trabajo favoreciendo el desarrollo de su autoestima. Sentido de Pertenencia: sentir que forma parte del colectivo Colegio Once de Noviembre al que debe su formaci\u00f3n devolvi\u00e9ndole en su actitud participativa lo que la instituci\u00f3n requiere para su formal desarrollo. Llevar en su mente y en su coraz\u00f3n la filosof\u00eda institucional para proyectarla en beneficio de generaciones futuras.<\/p>\n<p><strong>Investigaci\u00f3n o Generaci\u00f3n de Conocimiento:<\/strong><\/p>\n<p>Hacer que el joven explore bajo la direcci\u00f3n del profesor el potencial creativo que posee, descubriendo que puede generar nuevas formas y expectativas que mejoren el entorno y sus condiciones de vida, sin deteriorar el medio ambiente.<\/p>\n<p><strong>Equidad: <\/strong><\/p>\n<p>Otorgar igualdad de oportunidades a todos (as) garantizando la inclusi\u00f3n y permitiendo superar cualquier tipo de discriminaci\u00f3n.<\/p>\n<p><strong>Aceptaci\u00f3n:<\/strong><\/p>\n<p>Este principio es clave porque supone la aprobaci\u00f3n voluntaria del otro y sin ning\u00fan tipo de oposici\u00f3n. En este caso, principalmente se refiere a la relaci\u00f3n que se debe propiciar entre y para con los ni\u00f1os (as), j\u00f3venes con necesidades educativas especiales y grupos vulnerables, para lograr una integraci\u00f3n que sirva como experiencia significativa para enriquecer sus proyectos de vida y el clima institucional.<\/p>\n<p><strong>Ambiente L\u00fadico:<\/strong><\/p>\n<p>Hacer del colegio un sitio agradable, creando un ambiente propicio que le permita a todos los miembros de la comunidad educativa el desarrollo de sus habilidades y destrezas en un clima de compa\u00f1erismo y cooperaci\u00f3n, teniendo como norte la adquisici\u00f3n del conocimiento con alegr\u00eda y satisfacci\u00f3n.<\/p>\n<p><strong>Trabajo Cooperativo:<\/strong><\/p>\n<p>Hacer que los (las) estudiantes adquieran sentido de cooperaci\u00f3n para el beneficio propio, de los compa\u00f1eros y de la comunidad, que propenda por el mejoramiento de las actividades en general.<\/p>\n<p><strong>Productividad:<\/strong><\/p>\n<p>Proporcionar las herramientas necesarias que permitan encaminar a los j\u00f3venes egresados hacia la competitividad y eficacia dentro del campo laboral.[\/vc_column_text][\/vc_tta_section][vc_tta_section title=\u00bbFILOSOF\u00cdA Y PRINCIPIOS\u00bb tab_id=\u00bb1553201553661-4cb8a9a4-11b5&#8243;][vc_column_text]<\/p>\n<h3 class=\"thim-text-title\">Filosof\u00eda y Principios Institucionales<\/h3>\n<p>La filosof\u00eda institucional se apoya en el lema: \u201cUna comunidad inclusiva comprometida con la formaci\u00f3n integral de la persona y el desarrollo de su entorno\u201d. Plantea que el quehacer pedag\u00f3gico se enfoca en el principio de integralidad donde se concibe al estudiante como ser humano, que una vez terminada su preparaci\u00f3n acad\u00e9mica y social tenga definida su prospectiva de vida y los elementos necesarios para contribuir con la paz, la justicia social, la cultura, el desarrollo personal y de su comunidad.<\/p>\n<p>[\/vc_column_text][\/vc_tta_section][vc_tta_section title=\u00bbPOL\u00cdTICA Y OBJETIVOS DE CALIDAD\u00bb tab_id=\u00bb1553202116208-8d028f78-28a5&#8243;][vc_column_text]<\/p>\n<h3 class=\"thim-text-title\">Pol\u00edtica de Calidad<\/h3>\n<p>La Instituci\u00f3n Ovy&#8230;<\/p>\n<h3 class=\"thim-text-title\">Objetivos de Calidad<\/h3>\n<ul class=\"thim-list-content\">\n<li>Requisitos y necesidades de los usuarios<\/li>\n<\/ul>\n<p>[\/vc_column_text][\/vc_tta_section][vc_tta_section title=\u00bbENFOQUE PEDAG\u00d3GICO\u00bb tab_id=\u00bb1553203450656-a52e943b-1e54&#8243;][vc_column_text]<\/p>\n<h3 class=\"thim-text-title\">Enfoque Pedag\u00f3gico<\/h3>\n<p>El enfoque pedag\u00f3gic&#8230;[\/vc_column_text][\/vc_tta_section][\/vc_tta_tabs][\/vc_column][\/vc_row][vc_row css=\u00bb.vc_custom_1663363125311{background-color: #ffffff !important;}\u00bb][vc_column][vc_row_inner][vc_column_inner]<div class=\"thim-widget-heading template-base\"><div class=\"sc_heading  text-center\"><h3 class=\"title\"><strong>Himno<\/strong> Institucional<\/h3><span class=\"line\"><\/span><\/div><\/div>[\/vc_column_inner][\/vc_row_inner][vc_row_inner][vc_column_inner width=\u00bb1\/3&#8243;]<div class=\"thim-widget-heading template-base\"><div class=\"sc_heading  text-center\"><h3 class=\"title\">CORO<\/h3><span class=\"line\"><\/span><\/div><\/div>[vc_column_text]<\/p>\n<div style=\"text-align: center;\">\n<div data-canvas-width=\"189.142037506188\">Llene los \u00e1mbitos vibrantes<\/div>\n<div data-canvas-width=\"177.94974890893198\">canto marcial de juventud<\/div>\n<div data-canvas-width=\"175.887006300564\">y el eco fuerte, trepidante<\/div>\n<div data-canvas-width=\"166.98665393482798\">diga \u201cCultura con virtud\u201d<\/div>\n<\/div>\n<div style=\"text-align: center;\"><\/div>\n<p>[\/vc_column_text]<div class=\"thim-widget-heading template-base\"><div class=\"sc_heading  text-center\"><h3 class=\"title\">III<\/h3><span class=\"line\"><\/span><\/div><\/div>[vc_column_text]<\/p>\n<div style=\"text-align: center;\">\n<div data-canvas-width=\"247.41451619258402\">Hay una fecha en nuestro emblema<\/div>\n<div data-canvas-width=\"203.141947987056\">Noviembre 11 historia y prez;<\/div>\n<div data-canvas-width=\"200.429823446424\">Nos da la hero\u00edna Cartagena<\/div>\n<div data-canvas-width=\"35.52501158856\">Ejemplo eterno de altivez.<\/div>\n<\/div>\n<p>[\/vc_column_text][\/vc_column_inner][vc_column_inner width=\u00bb1\/3&#8243;]<div class=\"thim-widget-heading template-base\"><div class=\"sc_heading  text-center\"><h3 class=\"title\">I<\/h3><span class=\"line\"><\/span><\/div><\/div>[vc_column_text]<\/p>\n<div style=\"text-align: center;\">\n<div data-canvas-width=\"271.9000349326561\">Porque hay ejemplo en nuestro escudo<\/div>\n<div data-canvas-width=\"172.69739504503198\">Manos en gesto fraternal<\/div>\n<div data-canvas-width=\"189.98241412441197\">hagamos todos fuerte nudo<\/div>\n<div data-canvas-width=\"169.27859016634798\">de patriotismo y amistad<\/div>\n<\/div>\n<p>[\/vc_column_text][\/vc_column_inner][vc_column_inner width=\u00bb1\/3&#8243;]<div class=\"thim-widget-heading template-base\"><div class=\"sc_heading  text-center\"><h3 class=\"title\">II<\/h3><span class=\"line\"><\/span><\/div><\/div>[vc_column_text]<\/p>\n<div style=\"text-align: center;\">\n<div data-canvas-width=\"232.00124503561202\">La gloria nuestra est\u00e1 en lo verde<\/div>\n<div data-canvas-width=\"214.3915349901\">Premio al esfuerzo es el laurel;<\/div>\n<div data-canvas-width=\"207.51572629554\">Y el libro abierto nunca pierde<\/div>\n<div data-canvas-width=\"183.16390383563999\">Su eterno y m\u00e1gico poder.<\/div>\n<\/div>\n<p>[\/vc_column_text][\/vc_column_inner][\/vc_row_inner][\/vc_column][\/vc_row]<\/p>\n<\/div>","protected":false},"excerpt":{"rendered":"<p>[vc_row][vc_column][\/vc_column][\/vc_row][vc_row css=\u00bb.vc_custom_1559531433775{margin-bottom: 15px !important;}\u00bb][vc_column width=\u00bb5\/12&#8243; css=\u00bb.vc_custom_1553219212365{margin-bottom: 30px !important;}\u00bb][vc_column_text] Misi\u00f3n La Instituci\u00f3n Educativa Colegio Once de Noviembre ofrecer\u00e1 y garantizar\u00e1 a la comunidad patiense la prestaci\u00f3n del servicio educativo en los niveles de preescolar, b\u00e1sica primaria, b\u00e1sica secundaria y media t\u00e9cnica. &hellip; <\/p>\n","protected":false},"author":1,"featured_media":0,"parent":0,"menu_order":0,"comment_status":"closed","ping_status":"closed","template":"","meta":{"footnotes":""},"class_list":["post-11502","page","type-page","status-publish","hentry"],"_links":{"self":[{"href":"https:\/\/colonce.edu.co\/web\/wp-json\/wp\/v2\/pages\/11502","targetHints":{"allow":["GET"]}}],"collection":[{"href":"https:\/\/colonce.edu.co\/web\/wp-json\/wp\/v2\/pages"}],"about":[{"href":"https:\/\/colonce.edu.co\/web\/wp-json\/wp\/v2\/types\/page"}],"author":[{"embeddable":true,"href":"https:\/\/colonce.edu.co\/web\/wp-json\/wp\/v2\/users\/1"}],"replies":[{"embeddable":true,"href":"https:\/\/colonce.edu.co\/web\/wp-json\/wp\/v2\/comments?post=11502"}],"version-history":[{"count":5,"href":"https:\/\/colonce.edu.co\/web\/wp-json\/wp\/v2\/pages\/11502\/revisions"}],"predecessor-version":[{"id":12035,"href":"https:\/\/colonce.edu.co\/web\/wp-json\/wp\/v2\/pages\/11502\/revisions\/12035"}],"wp:attachment":[{"href":"https:\/\/colonce.edu.co\/web\/wp-json\/wp\/v2\/media?parent=11502"}],"curies":[{"name":"wp","href":"https:\/\/api.w.org\/{rel}","templated":true}]}}